{"id":2393,"date":"2025-02-01T12:54:09","date_gmt":"2025-02-01T12:54:09","guid":{"rendered":"https:\/\/macrosoler.com\/services\/"},"modified":"2025-04-12T10:28:43","modified_gmt":"2025-04-12T10:28:43","slug":"services","status":"publish","type":"page","link":"https:\/\/www.ingenyaproyecta.com.pe\/?page_id=2393","title":{"rendered":"Servicios"},"content":{"rendered":"\n<p><\/p>\n\n\n\n<ul class=\"wp-block-list\">\n<li><h5><strong>\u26cf\ufe0f Explotaci\u00f3n, exploraci\u00f3n y beneficios de la actividad minera<\/strong><br><em>Realizamos estudios y trabajos de exploraci\u00f3n minera, extracci\u00f3n y procesamiento de minerales con tecnolog\u00eda avanzada.<\/em><\/h5><\/li>\n\n\n\n<li><h5><strong>\u26f0\ufe0f Movimiento de tierra y Manejo de relaves<\/strong><br><em>Gesti\u00f3n y manejo seguro de relaves, as\u00ed como el movimiento de tierras para preparar terrenos y construir bases s\u00f3lidas.<\/em><\/h5><\/li>\n\n\n\n<li><h5><strong>\ud83c\udfd7\ufe0f Ejecuci\u00f3n, supervisi\u00f3n y dise\u00f1o de obras civiles, p\u00fablicas y privadas<\/strong><br><em>Desarrollamos y supervisamos proyectos de infraestructura civil tanto p\u00fablicos como privados, con altos est\u00e1ndares de calidad y seguridad.<\/em><\/h5><\/li>\n\n\n\n<li><h5><strong>\ud83d\udee3\ufe0f Construcci\u00f3n de carreteras y regado de v\u00edas<\/strong><br><em>Construcci\u00f3n de carreteras con materiales de alta durabilidad y regado de v\u00edas para mantenerlas en condiciones \u00f3ptimas.<\/em><\/h5><\/li>\n\n\n\n<li><h5><strong>\ud83e\uddf9 Limpieza y mantenimiento industrial<\/strong><br><em>Ofrecemos servicios de limpieza y mantenimiento en instalaciones industriales para garantizar su funcionamiento eficiente.<\/em><\/h5><\/li>\n\n\n\n<li><h5><strong>\ud83d\ude90 Transporte de personal operativo y administrativo<\/strong><br><em>Proporcionamos transporte seguro y puntual para todo el personal operativo y administrativo, garantizando eficiencia en los traslados..<\/em><\/h5><\/li>\n<\/ul>\n\n\n\n<p><\/p>\n","protected":false},"excerpt":{"rendered":"","protected":false},"author":1,"featured_media":0,"parent":0,"menu_order":0,"comment_status":"closed","ping_status":"closed","template":"","meta":{"footnotes":""},"class_list":["post-2393","page","type-page","status-publish","hentry"],"_links":{"self":[{"href":"https:\/\/www.ingenyaproyecta.com.pe\/index.php?rest_route=\/wp\/v2\/pages\/2393","targetHints":{"allow":["GET"]}}],"collection":[{"href":"https:\/\/www.ingenyaproyecta.com.pe\/index.php?rest_route=\/wp\/v2\/pages"}],"about":[{"href":"https:\/\/www.ingenyaproyecta.com.pe\/index.php?rest_route=\/wp\/v2\/types\/page"}],"author":[{"embeddable":true,"href":"https:\/\/www.ingenyaproyecta.com.pe\/index.php?rest_route=\/wp\/v2\/users\/1"}],"replies":[{"embeddable":true,"href":"https:\/\/www.ingenyaproyecta.com.pe\/index.php?rest_route=%2Fwp%2Fv2%2Fcomments&post=2393"}],"version-history":[{"count":4,"href":"https:\/\/www.ingenyaproyecta.com.pe\/index.php?rest_route=\/wp\/v2\/pages\/2393\/revisions"}],"predecessor-version":[{"id":2655,"href":"https:\/\/www.ingenyaproyecta.com.pe\/index.php?rest_route=\/wp\/v2\/pages\/2393\/revisions\/2655"}],"wp:attachment":[{"href":"https:\/\/www.ingenyaproyecta.com.pe\/index.php?rest_route=%2Fwp%2Fv2%2Fmedia&parent=2393"}],"curies":[{"name":"wp","href":"https:\/\/api.w.org\/{rel}","templated":true}]}}