{"id":2392,"date":"2025-02-01T12:54:09","date_gmt":"2025-02-01T12:54:09","guid":{"rendered":"https:\/\/macrosoler.com\/about\/"},"modified":"2025-04-24T04:47:50","modified_gmt":"2025-04-24T04:47:50","slug":"about","status":"publish","type":"page","link":"https:\/\/www.ingenyaproyecta.com.pe\/?page_id=2392","title":{"rendered":"Nosotros"},"content":{"rendered":"\n<div style=\"width: 100vw; margin-left: calc(-50vw + 50%); text-align: center;\">\n  <img decoding=\"async\" src=\"https:\/\/www.ingenyaproyecta.com.pe\/wp-content\/uploads\/2025\/02\/3T2A5740-scaled-1.jpg\" alt=\"Imagen grande\" style=\"width: 100%; height: auto;\">\n<\/div>\n\n\n\n\n<section class=\"mision-vision-section\">\n  <div class=\"mv-container\">\n    <div class=\"mv-card vision-card\">\n      <div class=\"mv-overlay\">\n        <h3>Visi\u00f3n<\/h3>\n        <p>\n          Lograr a corto plazo el liderazgo en gesti\u00f3n empresarial, sobre la base de la confianza lograda en nuestros clientes y proveedores, promoviendo el desarrollo social, profesional y t\u00e9cnico de sus integrantes, mediante el conocimiento de nuevos conceptos en el avance y desarrollo de la econom\u00eda peruana en su contexto mundial cambiante. Adem\u00e1s de alcanzar el mismo alto grado de reconocimiento en la elaboraci\u00f3n de ingenier\u00eda de proyectos y su ejecuci\u00f3n en la miner\u00eda y construcci\u00f3n.\n        <\/p>\n      <\/div>\n    <\/div>\n    <div class=\"mv-card mision-card\">\n      <div class=\"mv-overlay\">\n        <h3>Misi\u00f3n<\/h3>\n        <p>\n          Somos una empresa constructora, comercial, con servicios de calidad y con personal calificado e identificado en camino a la excelencia. Contamos con principios de \u00e9tica y m\u00edstica de trabajo, buscando d\u00eda a d\u00eda la satisfacci\u00f3n de nuestros clientes, proveedores, accionistas y trabajadores, en armon\u00eda con nuestro medio ambiente; adem\u00e1s de la ejecuci\u00f3n de proyectos de miner\u00eda y construcci\u00f3n.\n        <\/p>\n      <\/div>\n    <\/div>\n  <\/div>\n<\/section>\n\n<style>\n.mision-vision-section {\n  background-color: #ffffff;\n  padding: 50px 20px;\n  text-align: center;\n}\n\n.mv-container {\n  display: flex;\n  flex-wrap: wrap;\n  justify-content: center;\n  gap: 30px;\n}\n\n.mv-card {\n  position: relative;\n  background-size: cover;\n  background-position: center;\n  width: 100%;\n  max-width: 500px;\n  border-radius: 12px;\n  overflow: hidden;\n  height: auto;\n  border: 3px solid #007BFF;\n  transition: transform 0.3s ease;\n}\n\n.mv-card:hover {\n  transform: translateY(-8px);\n}\n\n.mv-overlay {\n  background: rgba(255, 255, 255, 0.95);\n  color: #333;\n  padding: 30px;\n  height: 100%;\n  box-sizing: border-box;\n  transition: background 0.3s ease, color 0.3s ease;\n}\n\n.mv-card:hover .mv-overlay {\n  background: rgba(0, 123, 255, 0.9);\n  color: #fff;\n}\n\n.mv-card h3 {\n  font-size: 1.6em;\n  margin-top: 0;\n  margin-bottom: 15px;\n}\n\n.mv-card p {\n  font-size: 1em;\n  line-height: 1.6;\n  margin: 0;\n}\n\n\/* Imagen de fondo por tarjeta *\/\n.vision-card {\n  background-image: url('https:\/\/www.ingenyaproyecta.com.pe\/wp-content\/uploads\/2025\/04\/vision-scaled.jpg'); \/* Cambi\u00e1 esto *\/\n}\n\n.mision-card {\n  background-image: url('https:\/\/www.ingenyaproyecta.com.pe\/wp-content\/uploads\/2025\/04\/mision.png'); \/* Cambi\u00e1 esto *\/\n}\n<\/style>\n\n\n\n<section class=\"valores-section\">\n  <h2>Nuestros valores<\/h2>\n  <div class=\"valores-container\">\n    <div class=\"valor-card\">\n      <div class=\"icono\">\ud83c\udf0d<\/div>\n      <h3>Responsabilidad social<\/h3>\n    <\/div>\n    <div class=\"valor-card\">\n      <div class=\"icono\">\ud83d\udee1\ufe0f<\/div>\n      <h3>Seguridad<\/h3>\n    <\/div>\n    <div class=\"valor-card\">\n      <div class=\"icono\">\ud83e\udd1d<\/div>\n      <h3>Trabajo en equipo<\/h3>\n    <\/div>\n    <div class=\"valor-card\">\n      <div class=\"icono\">\ud83c\udfaf<\/div>\n      <h3>Orientaci\u00f3n al servicio<\/h3>\n    <\/div>\n    <div class=\"valor-card\">\n      <div class=\"icono\">\ud83d\udca1<\/div>\n      <h3>Innovaci\u00f3n<\/h3>\n    <\/div>\n    <div class=\"valor-card\">\n      <div class=\"icono\">\ud83d\udcda<\/div>\n      <h3>Aprendizaje continuo<\/h3>\n    <\/div>\n  <\/div>\n<\/section>\n\n<style>\n.valores-section {\n  padding: 40px 20px;\n  background-color: #ffffff; \/* Fondo blanco *\/\n  text-align: center;\n}\n\n.valores-section h2 {\n  font-size: 2em;\n  margin-bottom: 30px;\n  color: #222;\n}\n\n.valores-container {\n  display: flex;\n  flex-wrap: wrap;\n  gap: 20px;\n  justify-content: center;\n}\n\n.valor-card {\n  background: #ffffff;\n  border-radius: 10px;\n  box-shadow: 0 4px 12px rgba(0,0,0,0.08);\n  padding: 25px;\n  width: 250px;\n  text-align: center;\n  transition: transform 0.3s ease;\n}\n\n.valor-card:hover {\n  transform: translateY(-5px);\n}\n\n.icono {\n  font-size: 40px;\n  margin-bottom: 15px;\n}\n\n.valor-card h3 {\n  margin: 0;\n  font-size: 1.1em;\n  color: #333;\n  font-weight: 600;\n}\n<\/style>\n","protected":false},"excerpt":{"rendered":"<p>Visi\u00f3n Lograr a corto plazo el liderazgo en gesti\u00f3n empresarial, sobre la base de la confianza lograda en nuestros clientes y proveedores, promoviendo el desarrollo social, profesional y t\u00e9cnico de sus integrantes, mediante el conocimiento de nuevos conceptos en el avance y desarrollo de la econom\u00eda peruana en su contexto mundial cambiante. Adem\u00e1s de alcanzar&#8230;<\/p>\n","protected":false},"author":1,"featured_media":0,"parent":0,"menu_order":0,"comment_status":"closed","ping_status":"closed","template":"","meta":{"footnotes":""},"class_list":["post-2392","page","type-page","status-publish","hentry"],"_links":{"self":[{"href":"https:\/\/www.ingenyaproyecta.com.pe\/index.php?rest_route=\/wp\/v2\/pages\/2392","targetHints":{"allow":["GET"]}}],"collection":[{"href":"https:\/\/www.ingenyaproyecta.com.pe\/index.php?rest_route=\/wp\/v2\/pages"}],"about":[{"href":"https:\/\/www.ingenyaproyecta.com.pe\/index.php?rest_route=\/wp\/v2\/types\/page"}],"author":[{"embeddable":true,"href":"https:\/\/www.ingenyaproyecta.com.pe\/index.php?rest_route=\/wp\/v2\/users\/1"}],"replies":[{"embeddable":true,"href":"https:\/\/www.ingenyaproyecta.com.pe\/index.php?rest_route=%2Fwp%2Fv2%2Fcomments&post=2392"}],"version-history":[{"count":7,"href":"https:\/\/www.ingenyaproyecta.com.pe\/index.php?rest_route=\/wp\/v2\/pages\/2392\/revisions"}],"predecessor-version":[{"id":2711,"href":"https:\/\/www.ingenyaproyecta.com.pe\/index.php?rest_route=\/wp\/v2\/pages\/2392\/revisions\/2711"}],"wp:attachment":[{"href":"https:\/\/www.ingenyaproyecta.com.pe\/index.php?rest_route=%2Fwp%2Fv2%2Fmedia&parent=2392"}],"curies":[{"name":"wp","href":"https:\/\/api.w.org\/{rel}","templated":true}]}}